{"id":282,"date":"2025-08-04T13:50:49","date_gmt":"2025-08-04T13:50:49","guid":{"rendered":"https:\/\/lebienetreparlerire.fr\/?page_id=282"},"modified":"2025-08-04T14:03:16","modified_gmt":"2025-08-04T14:03:16","slug":"politique-de-confidentialite","status":"publish","type":"page","link":"https:\/\/lebienetreparlerire.fr\/index.php\/politique-de-confidentialite\/","title":{"rendered":"Politique de confidentialit\u00e9"},"content":{"rendered":"\t\t<div data-elementor-type=\"wp-page\" data-elementor-id=\"282\" class=\"elementor elementor-282\">\n\t\t\t\t<div class=\"elementor-element elementor-element-7a71952 e-flex e-con-boxed wpr-particle-no wpr-jarallax-no wpr-parallax-no wpr-sticky-section-no e-con e-parent\" data-id=\"7a71952\" data-element_type=\"container\" data-e-type=\"container\">\n\t\t\t\t\t<div class=\"e-con-inner\">\n\t\t\t\t<div class=\"elementor-element elementor-element-cab7228 elementor-widget elementor-widget-heading\" data-id=\"cab7228\" data-element_type=\"widget\" data-e-type=\"widget\" data-widget_type=\"heading.default\">\n\t\t\t\t\t<h2 class=\"elementor-heading-title elementor-size-default\">Mentions L\u00e9gales<\/h2>\t\t\t\t<\/div>\n\t\t\t\t\t<\/div>\n\t\t\t\t<\/div>\n\t\t<div class=\"elementor-element elementor-element-5b48890 e-flex e-con-boxed wpr-particle-no wpr-jarallax-no wpr-parallax-no wpr-sticky-section-no e-con e-parent\" data-id=\"5b48890\" data-element_type=\"container\" data-e-type=\"container\">\n\t\t\t\t\t<div class=\"e-con-inner\">\n\t\t\t\t<div class=\"elementor-element elementor-element-e029fd4 elementor-widget__width-inherit elementor-widget elementor-widget-text-editor\" data-id=\"e029fd4\" data-element_type=\"widget\" data-e-type=\"widget\" data-widget_type=\"text-editor.default\">\n\t\t\t\t\t\t\t\t\t<div class=\"et_pb_row et_pb_row_1\"><div class=\"et_pb_column et_pb_column_4_4 et_pb_column_1  et_pb_css_mix_blend_mode_passthrough et-last-child\"><div class=\"et_pb_module et_pb_text et_pb_text_1  et_pb_text_align_left et_pb_bg_layout_light\"><div class=\"et_pb_text_inner\"><h3>Quelles donn\u00e9es personnelles sont stock\u00e9es et pour quelles finalit\u00e9s ?<\/h3><\/div><\/div><div class=\"et_pb_module et_pb_text et_pb_text_2  et_pb_text_align_left et_pb_bg_layout_light\"><div class=\"et_pb_text_inner\"><p>Lors de votre inscription \u00e0 notre newsletter, demande de contact via le formulaire de ce site, ou inscription en ligne \u00e0 l\u2019une de nos s\u00e9ances ou formations, nous collectons et traitons des donn\u00e9es \u00e0 caract\u00e8re personnel vous concernant : vos noms et pr\u00e9noms, votre num\u00e9ro de t\u00e9l\u00e9phone, votre adresse postale et votre adresse e-mail.<\/p><p>Nous utilisons ces donn\u00e9es personnelles essentiellement dans le but de vous informer r\u00e9guli\u00e8rement par mail des nouveaut\u00e9s du bien \u00eatre par le rire, en particulier sur les actualit\u00e9s et \u00e9v\u00e9nements \u00e0 venir : dates des prochaines s\u00e9ances, formations, parutions presse, etc. Nous pouvons \u00e9galement les utiliser afin de vous demander votre avis, ou vous adresser une enqu\u00eate de satisfaction, \u00e0 l\u2019issue de la formation par exemple.<\/p><\/div><\/div><div class=\"et_pb_module et_pb_text et_pb_text_3  et_pb_text_align_left et_pb_bg_layout_light\"><div class=\"et_pb_text_inner\"><h3>Comment sont trait\u00e9es vos donn\u00e9es ?<\/h3><\/div><\/div><div class=\"et_pb_module et_pb_text et_pb_text_4  et_pb_text_align_left et_pb_bg_layout_light\"><div class=\"et_pb_text_inner\"><p>Les donn\u00e9es personnelles collect\u00e9es vous concernant sont destin\u00e9es uniquement \u00e0 la propre utilisation du bien \u00eatre par le rire, et ne sont retransmises \u00e0 aucun sous-traitant. En aucun cas elles ne sont lou\u00e9es ni vendues \u00e0 des tiers, \u00e0 des fins de marketing.<\/p><\/div><\/div><div class=\"et_pb_module et_pb_text et_pb_text_5  et_pb_text_align_left et_pb_bg_layout_light\"><div class=\"et_pb_text_inner\"><h3>O\u00f9 sont stock\u00e9es vos donn\u00e9es ?<\/h3><\/div><\/div><div class=\"et_pb_module et_pb_text et_pb_text_6  et_pb_text_align_left et_pb_bg_layout_light\"><div class=\"et_pb_text_inner\"><p>Vos donn\u00e9es sont stock\u00e9es sur les serveurs locaux<\/p><div class=\"et_pb_row et_pb_row_1\"><div class=\"et_pb_column et_pb_column_4_4 et_pb_column_1  et_pb_css_mix_blend_mode_passthrough et-last-child\"><div class=\"et_pb_module et_pb_text et_pb_text_1  et_pb_text_align_left et_pb_bg_layout_light\"><div class=\"et_pb_text_inner\"><h3>Quelles donn\u00e9es personnelles sont stock\u00e9es et pour quelles finalit\u00e9s ?<\/h3><\/div><\/div><div class=\"et_pb_module et_pb_text et_pb_text_2  et_pb_text_align_left et_pb_bg_layout_light\"><div class=\"et_pb_text_inner\"><p>Lors de votre inscription \u00e0 notre newsletter, demande de contact via le formulaire de ce site, ou inscription en ligne \u00e0 l\u2019une de nos s\u00e9ances ou formations, nous collectons et traitons des donn\u00e9es \u00e0 caract\u00e8re personnel vous concernant : vos noms et pr\u00e9noms, votre num\u00e9ro de t\u00e9l\u00e9phone, votre adresse postale et votre adresse e-mail.<\/p><p>Nous utilisons ces donn\u00e9es personnelles essentiellement dans le but de vous informer r\u00e9guli\u00e8rement par mail des nouveaut\u00e9s du bien \u00eatre par le rire, en particulier sur les actualit\u00e9s et \u00e9v\u00e9nements \u00e0 venir : dates des prochaines s\u00e9ances, formations, parutions presse, etc. Nous pouvons \u00e9galement les utiliser afin de vous demander votre avis, ou vous adresser une enqu\u00eate de satisfaction, \u00e0 l\u2019issue de la formation par exemple.<\/p><\/div><\/div><div class=\"et_pb_module et_pb_text et_pb_text_3  et_pb_text_align_left et_pb_bg_layout_light\"><div class=\"et_pb_text_inner\"><h3>Comment sont trait\u00e9es vos donn\u00e9es ?<\/h3><\/div><\/div><div class=\"et_pb_module et_pb_text et_pb_text_4  et_pb_text_align_left et_pb_bg_layout_light\"><div class=\"et_pb_text_inner\"><p>Les donn\u00e9es personnelles collect\u00e9es vous concernant sont destin\u00e9es uniquement \u00e0 la propre utilisation du bien \u00eatre par le rire, et ne sont retransmises \u00e0 aucun sous-traitant. En aucun cas elles ne sont lou\u00e9es ni vendues \u00e0 des tiers, \u00e0 des fins de marketing.<\/p><\/div><\/div><div class=\"et_pb_module et_pb_text et_pb_text_5  et_pb_text_align_left et_pb_bg_layout_light\"><div class=\"et_pb_text_inner\"><h3>O\u00f9 sont stock\u00e9es vos donn\u00e9es ?<\/h3><\/div><\/div><div class=\"et_pb_module et_pb_text et_pb_text_6  et_pb_text_align_left et_pb_bg_layout_light\"><div class=\"et_pb_text_inner\"><p>Vos donn\u00e9es sont stock\u00e9es sur les serveurs locaux<\/p><div class=\"et_pb_row et_pb_row_1\"><div class=\"et_pb_column et_pb_column_4_4 et_pb_column_1  et_pb_css_mix_blend_mode_passthrough et-last-child\"><div class=\"et_pb_module et_pb_text et_pb_text_1  et_pb_text_align_left et_pb_bg_layout_light\"><div class=\"et_pb_text_inner\"><h3>Quelles donn\u00e9es personnelles sont stock\u00e9es et pour quelles finalit\u00e9s ?<\/h3><\/div><\/div><div class=\"et_pb_module et_pb_text et_pb_text_2  et_pb_text_align_left et_pb_bg_layout_light\"><div class=\"et_pb_text_inner\"><p>Lors de votre inscription \u00e0 notre newsletter, demande de contact via le formulaire de ce site, ou inscription en ligne \u00e0 l\u2019une de nos s\u00e9ances ou formations, nous collectons et traitons des donn\u00e9es \u00e0 caract\u00e8re personnel vous concernant : vos noms et pr\u00e9noms, votre num\u00e9ro de t\u00e9l\u00e9phone, votre adresse postale et votre adresse e-mail.<\/p><p>Nous utilisons ces donn\u00e9es personnelles essentiellement dans le but de vous informer r\u00e9guli\u00e8rement par mail des nouveaut\u00e9s du bien \u00eatre par le rire, en particulier sur les actualit\u00e9s et \u00e9v\u00e9nements \u00e0 venir : dates des prochaines s\u00e9ances, formations, parutions presse, etc. Nous pouvons \u00e9galement les utiliser afin de vous demander votre avis, ou vous adresser une enqu\u00eate de satisfaction, \u00e0 l\u2019issue de la formation par exemple.<\/p><\/div><\/div><div class=\"et_pb_module et_pb_text et_pb_text_3  et_pb_text_align_left et_pb_bg_layout_light\"><div class=\"et_pb_text_inner\"><h3>Comment sont trait\u00e9es vos donn\u00e9es ?<\/h3><\/div><\/div><div class=\"et_pb_module et_pb_text et_pb_text_4  et_pb_text_align_left et_pb_bg_layout_light\"><div class=\"et_pb_text_inner\"><p>Les donn\u00e9es personnelles collect\u00e9es vous concernant sont destin\u00e9es uniquement \u00e0 la propre utilisation du bien \u00eatre par le rire, et ne sont retransmises \u00e0 aucun sous-traitant. En aucun cas elles ne sont lou\u00e9es ni vendues \u00e0 des tiers, \u00e0 des fins de marketing.<\/p><\/div><\/div><div class=\"et_pb_module et_pb_text et_pb_text_5  et_pb_text_align_left et_pb_bg_layout_light\"><div class=\"et_pb_text_inner\"><h3>O\u00f9 sont stock\u00e9es vos donn\u00e9es ?<\/h3><\/div><\/div><div class=\"et_pb_module et_pb_text et_pb_text_6  et_pb_text_align_left et_pb_bg_layout_light\"><div class=\"et_pb_text_inner\"><p>Vos donn\u00e9es sont stock\u00e9es sur les serveurs locaux du bien \u00eatre par le rire, qui respectent les normes RGPD.<\/p><\/div><\/div><div class=\"et_pb_module et_pb_text et_pb_text_7  et_pb_text_align_left et_pb_bg_layout_light\"><div class=\"et_pb_text_inner\"><h3>Quels sont vos droits ?<\/h3><\/div><\/div><div class=\"et_pb_module et_pb_text et_pb_text_8  et_pb_text_align_left et_pb_bg_layout_light\"><div class=\"et_pb_text_inner\"><p>Conform\u00e9ment \u00e0 la r\u00e9glementation en vigueur, les personnes inscrites \u00e0 notre lettre d\u2019information ou s\u2019\u00e9tant inscrit via un formulaire en ligne \u00e0 l\u2019une de nos formation disposent des droits suivants relatives \u00e0 leurs donn\u00e9es personnelles :<\/p><ul><li>droit d\u2019acc\u00e8s et de rectification,<\/li><li>droit de mise \u00e0 jour, de compl\u00e9tude,<\/li><li>droit de verrouillage ou de suppression des donn\u00e9es \u00e0 caract\u00e8re personnel, lorsqu\u2019elles sont inexactes, incompl\u00e8tes, \u00e9quivoques, p\u00e9rim\u00e9es, ou dont la collecte, l\u2019utilisation, la communication ou la conservation est interdite,<\/li><li>droit de retirer \u00e0 tout moment un consentement,<\/li><li>droit \u00e0 la limitation du traitement,<\/li><li>droit d\u2019opposition au traitement.<br \/>Si vous souhaitez savoir comment l\u2019Atelier du rire utilise ces donn\u00e9es personnelles, vous pouvez demander \u00e0 les rectifier ou vous opposer \u00e0 un traitement en vous adressant par email \u00e0 l\u2019adresse lebien\u00eatreparlerire@gmail.com. Vos requ\u00eates seront trait\u00e9es sous 15 jours. En compl\u00e9ment de votre demande, nous vous demanderons de joindre une photocopie d\u2019un justificatif d\u2019identit\u00e9 afin que l\u2019Atelier du rire puisse v\u00e9rifier votre identit\u00e9.<\/li><\/ul><\/div><\/div><\/div><\/div><p>, qui respectent les normes RGPD.<\/p><\/div><\/div><div class=\"et_pb_module et_pb_text et_pb_text_7  et_pb_text_align_left et_pb_bg_layout_light\"><div class=\"et_pb_text_inner\"><h3>Quels sont vos droits ?<\/h3><\/div><\/div><div class=\"et_pb_module et_pb_text et_pb_text_8  et_pb_text_align_left et_pb_bg_layout_light\"><div class=\"et_pb_text_inner\"><p>Conform\u00e9ment \u00e0 la r\u00e9glementation en vigueur, les personnes inscrites \u00e0 notre lettre d\u2019information ou s\u2019\u00e9tant inscrit via un formulaire en ligne \u00e0 l\u2019une de nos formation disposent des droits suivants relatives \u00e0 leurs donn\u00e9es personnelles :<\/p><ul><li>droit d\u2019acc\u00e8s et de rectification,<\/li><li>droit de mise \u00e0 jour, de compl\u00e9tude,<\/li><li>droit de verrouillage ou de suppression des donn\u00e9es \u00e0 caract\u00e8re personnel, lorsqu\u2019elles sont inexactes, incompl\u00e8tes, \u00e9quivoques, p\u00e9rim\u00e9es, ou dont la collecte, l\u2019utilisation, la communication ou la conservation est interdite,<\/li><li>droit de retirer \u00e0 tout moment un consentement,<\/li><li>droit \u00e0 la limitation du traitement,<\/li><li>droit d\u2019opposition au traitement.<br \/>Si vous souhaitez savoir comment le bien \u00eatre par le rire utilise ces donn\u00e9es personnelles, vous pouvez demander \u00e0 les rectifier ou vous opposer \u00e0 un traitement en vous adressant par email \u00e0 l\u2019adresse lebien\u00eatreparlerire@gmail.com. Vos requ\u00eates seront trait\u00e9es sous 15 jours. En compl\u00e9ment de votre demande, nous vous demanderons de joindre une photocopie d\u2019un justificatif d\u2019identit\u00e9 afin que l\u2019Atelier du rire puisse v\u00e9rifier votre identit\u00e9.<\/li><\/ul><\/div><\/div><\/div><\/div><p>, qui respectent les normes RGPD.<\/p><\/div><\/div><div class=\"et_pb_module et_pb_text et_pb_text_7  et_pb_text_align_left et_pb_bg_layout_light\"><div class=\"et_pb_text_inner\"><h3>Quels sont vos droits ?<\/h3><\/div><\/div><div class=\"et_pb_module et_pb_text et_pb_text_8  et_pb_text_align_left et_pb_bg_layout_light\"><div class=\"et_pb_text_inner\"><p>Conform\u00e9ment \u00e0 la r\u00e9glementation en vigueur, les personnes inscrites \u00e0 notre lettre d\u2019information ou s\u2019\u00e9tant inscrit via un formulaire en ligne \u00e0 l\u2019une de nos formation disposent des droits suivants relatives \u00e0 leurs donn\u00e9es personnelles :<\/p><ul><li>droit d\u2019acc\u00e8s et de rectification,<\/li><li>droit de mise \u00e0 jour, de compl\u00e9tude,<\/li><li>droit de verrouillage ou de suppression des donn\u00e9es \u00e0 caract\u00e8re personnel, lorsqu\u2019elles sont inexactes, incompl\u00e8tes, \u00e9quivoques, p\u00e9rim\u00e9es, ou dont la collecte, l\u2019utilisation, la communication ou la conservation est interdite,<\/li><li>droit de retirer \u00e0 tout moment un consentement,<\/li><li>droit \u00e0 la limitation du traitement,<\/li><li>droit d\u2019opposition au traitement.<br \/>Si vous souhaitez savoir comment l\u2019Atelier du rire utilise ces donn\u00e9es personnelles, vous pouvez demander \u00e0 les rectifier ou vous opposer \u00e0 un traitement en vous adressant par email \u00e0 l\u2019adresse lebien\u00eatreparlerire@gmail.com Vos requ\u00eates seront trait\u00e9es sous 15 jours. En compl\u00e9ment de votre demande, nous vous demanderons de joindre une photocopie d\u2019un justificatif d\u2019identit\u00e9 afin que l\u2019Atelier du rire puisse v\u00e9rifier votre identit\u00e9.<\/li><\/ul><\/div><\/div><\/div><\/div>\t\t\t\t\t\t\t\t<\/div>\n\t\t\t\t\t<\/div>\n\t\t\t\t<\/div>\n\t\t\t\t<\/div>\n\t\t","protected":false},"excerpt":{"rendered":"<p>Mentions L\u00e9gales Quelles donn\u00e9es personnelles sont stock\u00e9es et pour quelles finalit\u00e9s ? Lors de votre inscription \u00e0 notre newsletter, demande de contact via le formulaire de ce site, ou inscription en ligne \u00e0 l\u2019une de nos s\u00e9ances ou formations, nous collectons et traitons des donn\u00e9es \u00e0 caract\u00e8re personnel vous concernant : vos noms et pr\u00e9noms, votre num\u00e9ro de t\u00e9l\u00e9phone, votre adresse postale et votre adresse e-mail. Nous utilisons ces donn\u00e9es personnelles essentiellement dans le but de vous informer r\u00e9guli\u00e8rement par mail des nouveaut\u00e9s du bien \u00eatre par le rire, en particulier sur les actualit\u00e9s et \u00e9v\u00e9nements \u00e0 venir : dates des prochaines s\u00e9ances, formations, parutions presse, etc. Nous pouvons \u00e9galement les utiliser afin de vous demander votre avis, ou vous adresser une enqu\u00eate de satisfaction, \u00e0 l\u2019issue de la formation par exemple. Comment sont trait\u00e9es vos donn\u00e9es ? Les donn\u00e9es personnelles collect\u00e9es vous concernant sont destin\u00e9es uniquement \u00e0 la propre utilisation du bien \u00eatre par le rire, et ne sont retransmises \u00e0 aucun sous-traitant. En aucun cas elles ne sont lou\u00e9es ni vendues \u00e0 des tiers, \u00e0 des fins de marketing. O\u00f9 sont stock\u00e9es vos donn\u00e9es ? Vos donn\u00e9es sont stock\u00e9es sur les serveurs locaux Quelles donn\u00e9es personnelles sont stock\u00e9es et pour quelles finalit\u00e9s ? Lors de votre inscription \u00e0 notre newsletter, demande de contact via le formulaire de ce site, ou inscription en ligne \u00e0 l\u2019une de nos s\u00e9ances ou formations, nous collectons et traitons des donn\u00e9es \u00e0 caract\u00e8re personnel vous concernant : vos noms et pr\u00e9noms, votre num\u00e9ro de t\u00e9l\u00e9phone, votre adresse postale et votre adresse e-mail. Nous utilisons ces donn\u00e9es personnelles essentiellement dans le but de vous informer r\u00e9guli\u00e8rement par mail des nouveaut\u00e9s du bien \u00eatre par le rire, en particulier sur les actualit\u00e9s et \u00e9v\u00e9nements \u00e0 venir : dates des prochaines s\u00e9ances, formations, parutions presse, etc. Nous pouvons \u00e9galement les utiliser afin de vous demander votre avis, ou vous adresser une enqu\u00eate de satisfaction, \u00e0 l\u2019issue de la formation par exemple. Comment sont trait\u00e9es vos donn\u00e9es ? Les donn\u00e9es personnelles collect\u00e9es vous concernant sont destin\u00e9es uniquement \u00e0 la propre utilisation du bien \u00eatre par le rire, et ne sont retransmises \u00e0 aucun sous-traitant. En aucun cas elles ne sont lou\u00e9es ni vendues \u00e0 des tiers, \u00e0 des fins de marketing. O\u00f9 sont stock\u00e9es vos donn\u00e9es ? Vos donn\u00e9es sont stock\u00e9es sur les serveurs locaux Quelles donn\u00e9es personnelles sont stock\u00e9es et pour quelles finalit\u00e9s ? Lors de votre inscription \u00e0 notre newsletter, demande de contact via le formulaire de ce site, ou inscription en ligne \u00e0 l\u2019une de nos s\u00e9ances ou formations, nous collectons et traitons des donn\u00e9es \u00e0 caract\u00e8re personnel vous concernant : vos noms et pr\u00e9noms, votre num\u00e9ro de t\u00e9l\u00e9phone, votre adresse postale et votre adresse e-mail. Nous utilisons ces donn\u00e9es personnelles essentiellement dans le but de vous informer r\u00e9guli\u00e8rement par mail des nouveaut\u00e9s du bien \u00eatre par le rire, en particulier sur les actualit\u00e9s et \u00e9v\u00e9nements \u00e0 venir : dates des prochaines s\u00e9ances, formations, parutions presse, etc. Nous pouvons \u00e9galement les utiliser afin de vous demander votre avis, ou vous adresser une enqu\u00eate de satisfaction, \u00e0 l\u2019issue de la formation par exemple. Comment sont trait\u00e9es vos donn\u00e9es ? Les donn\u00e9es personnelles collect\u00e9es vous concernant sont destin\u00e9es uniquement \u00e0 la propre utilisation du bien \u00eatre par le rire, et ne sont retransmises \u00e0 aucun sous-traitant. En aucun cas elles ne sont lou\u00e9es ni vendues \u00e0 des tiers, \u00e0 des fins de marketing. O\u00f9 sont stock\u00e9es vos donn\u00e9es ? Vos donn\u00e9es sont stock\u00e9es sur les serveurs locaux du bien \u00eatre par le rire, qui respectent les normes RGPD. Quels sont vos droits ? Conform\u00e9ment \u00e0 la r\u00e9glementation en vigueur, les personnes inscrites \u00e0 notre lettre d\u2019information ou s\u2019\u00e9tant inscrit via un formulaire en ligne \u00e0 l\u2019une de nos formation disposent des droits suivants relatives \u00e0 leurs donn\u00e9es personnelles : droit d\u2019acc\u00e8s et de rectification, droit de mise \u00e0 jour, de compl\u00e9tude, droit de verrouillage ou de suppression des donn\u00e9es \u00e0 caract\u00e8re personnel, lorsqu\u2019elles sont inexactes, incompl\u00e8tes, \u00e9quivoques, p\u00e9rim\u00e9es, ou dont la collecte, l\u2019utilisation, la communication ou la conservation est interdite, droit de retirer \u00e0 tout moment un consentement, droit \u00e0 la limitation du traitement, droit d\u2019opposition au traitement.Si vous souhaitez savoir comment l\u2019Atelier du rire utilise ces donn\u00e9es personnelles, vous pouvez demander \u00e0 les rectifier ou vous opposer \u00e0 un traitement en vous adressant par email \u00e0 l\u2019adresse lebien\u00eatreparlerire@gmail.com. Vos requ\u00eates seront trait\u00e9es sous 15 jours. En compl\u00e9ment de votre demande, nous vous demanderons de joindre une photocopie d\u2019un justificatif d\u2019identit\u00e9 afin que l\u2019Atelier du rire puisse v\u00e9rifier votre identit\u00e9. , qui respectent les normes RGPD. Quels sont vos droits ? Conform\u00e9ment \u00e0 la r\u00e9glementation en vigueur, les personnes inscrites \u00e0 notre lettre d\u2019information ou s\u2019\u00e9tant inscrit via un formulaire en ligne \u00e0 l\u2019une de nos formation disposent des droits suivants relatives \u00e0 leurs donn\u00e9es personnelles : droit d\u2019acc\u00e8s et de rectification, droit de mise \u00e0 jour, de compl\u00e9tude, droit de verrouillage ou de suppression des donn\u00e9es \u00e0 caract\u00e8re personnel, lorsqu\u2019elles sont inexactes, incompl\u00e8tes, \u00e9quivoques, p\u00e9rim\u00e9es, ou dont la collecte, l\u2019utilisation, la communication ou la conservation est interdite, droit de retirer \u00e0 tout moment un consentement, droit \u00e0 la limitation du traitement, droit d\u2019opposition au traitement.Si vous souhaitez savoir comment le bien \u00eatre par le rire utilise ces donn\u00e9es personnelles, vous pouvez demander \u00e0 les rectifier ou vous opposer \u00e0 un traitement en vous adressant par email \u00e0 l\u2019adresse lebien\u00eatreparlerire@gmail.com. Vos requ\u00eates seront trait\u00e9es sous 15 jours. En compl\u00e9ment de votre demande, nous vous demanderons de joindre une photocopie d\u2019un justificatif d\u2019identit\u00e9 afin que l\u2019Atelier du rire puisse v\u00e9rifier votre identit\u00e9. , qui respectent les normes RGPD. Quels sont vos droits ? Conform\u00e9ment \u00e0 la r\u00e9glementation en vigueur, les personnes inscrites \u00e0 notre lettre d\u2019information ou s\u2019\u00e9tant inscrit via un formulaire en ligne \u00e0 l\u2019une de nos formation disposent des droits suivants relatives \u00e0 leurs donn\u00e9es personnelles : droit d\u2019acc\u00e8s et de rectification, droit de mise \u00e0 jour, de compl\u00e9tude, droit de verrouillage ou de suppression des donn\u00e9es \u00e0 caract\u00e8re personnel, lorsqu\u2019elles sont inexactes, incompl\u00e8tes,<\/p>\n","protected":false},"author":1,"featured_media":0,"parent":0,"menu_order":0,"comment_status":"closed","ping_status":"closed","template":"","meta":{"footnotes":""},"class_list":["post-282","page","type-page","status-publish","hentry"],"_links":{"self":[{"href":"https:\/\/lebienetreparlerire.fr\/index.php\/wp-json\/wp\/v2\/pages\/282","targetHints":{"allow":["GET"]}}],"collection":[{"href":"https:\/\/lebienetreparlerire.fr\/index.php\/wp-json\/wp\/v2\/pages"}],"about":[{"href":"https:\/\/lebienetreparlerire.fr\/index.php\/wp-json\/wp\/v2\/types\/page"}],"author":[{"embeddable":true,"href":"https:\/\/lebienetreparlerire.fr\/index.php\/wp-json\/wp\/v2\/users\/1"}],"replies":[{"embeddable":true,"href":"https:\/\/lebienetreparlerire.fr\/index.php\/wp-json\/wp\/v2\/comments?post=282"}],"version-history":[{"count":4,"href":"https:\/\/lebienetreparlerire.fr\/index.php\/wp-json\/wp\/v2\/pages\/282\/revisions"}],"predecessor-version":[{"id":289,"href":"https:\/\/lebienetreparlerire.fr\/index.php\/wp-json\/wp\/v2\/pages\/282\/revisions\/289"}],"wp:attachment":[{"href":"https:\/\/lebienetreparlerire.fr\/index.php\/wp-json\/wp\/v2\/media?parent=282"}],"curies":[{"name":"wp","href":"https:\/\/api.w.org\/{rel}","templated":true}]}}