{"id":280,"date":"2025-08-04T13:50:03","date_gmt":"2025-08-04T13:50:03","guid":{"rendered":"https:\/\/lebienetreparlerire.fr\/?page_id=280"},"modified":"2025-08-04T13:54:08","modified_gmt":"2025-08-04T13:54:08","slug":"cookies","status":"publish","type":"page","link":"https:\/\/lebienetreparlerire.fr\/index.php\/cookies\/","title":{"rendered":"Cookies"},"content":{"rendered":"\t\t<div data-elementor-type=\"wp-page\" data-elementor-id=\"280\" class=\"elementor elementor-280\">\n\t\t\t\t<div class=\"elementor-element elementor-element-7a71952 e-flex e-con-boxed wpr-particle-no wpr-jarallax-no wpr-parallax-no wpr-sticky-section-no e-con e-parent\" data-id=\"7a71952\" data-element_type=\"container\" data-e-type=\"container\">\n\t\t\t\t\t<div class=\"e-con-inner\">\n\t\t\t\t<div class=\"elementor-element elementor-element-cab7228 elementor-widget elementor-widget-heading\" data-id=\"cab7228\" data-element_type=\"widget\" data-e-type=\"widget\" data-widget_type=\"heading.default\">\n\t\t\t\t\t<h2 class=\"elementor-heading-title elementor-size-default\">Cookies<\/h2>\t\t\t\t<\/div>\n\t\t\t\t\t<\/div>\n\t\t\t\t<\/div>\n\t\t<div class=\"elementor-element elementor-element-5b48890 e-flex e-con-boxed wpr-particle-no wpr-jarallax-no wpr-parallax-no wpr-sticky-section-no e-con e-parent\" data-id=\"5b48890\" data-element_type=\"container\" data-e-type=\"container\">\n\t\t\t\t\t<div class=\"e-con-inner\">\n\t\t\t\t<div class=\"elementor-element elementor-element-e029fd4 elementor-widget__width-inherit elementor-widget elementor-widget-text-editor\" data-id=\"e029fd4\" data-element_type=\"widget\" data-e-type=\"widget\" data-widget_type=\"text-editor.default\">\n\t\t\t\t\t\t\t\t\t<div class=\"et_pb_row et_pb_row_0\"><div class=\"et_pb_column et_pb_column_4_4 et_pb_column_0 et_pb_css_mix_blend_mode_passthrough et-last-child\"><div class=\"et_pb_module et_pb_text et_pb_text_0 et_pb_text_align_left et_pb_bg_layout_light\"><div class=\"et_pb_text_inner\"><p>Bienvenue dans votre espace d\u00e9di\u00e9 \u00e0 la politique des cookies de l\u2019Atelier du rire. Pour son bon fonctionnement, le site <a href=\"https:\/\/lebienetreparlerire.fr\">https:\/\/lebienetreparlerire.fr<\/a> a recours aux cookies. Ces derniers lui permettent de recueillir et traiter les informations sur le trafic des utilisateurs, de faciliter la navigation et d\u2019am\u00e9liorer le service pour le confort de l\u2019utilisateur. Le refus d\u2019installation d\u2019un cookie peut entra\u00eener l\u2019impossibilit\u00e9 d\u2019acc\u00e9der \u00e0 certains services. L\u2019utilisateur peut toutefois configurer son ordinateur pour en refuser l\u2019installation.<\/p><\/div><\/div><\/div><\/div><div class=\"et_pb_row et_pb_row_1\"><div class=\"et_pb_column et_pb_column_4_4 et_pb_column_1 et_pb_css_mix_blend_mode_passthrough et-last-child\"><div class=\"et_pb_module et_pb_text et_pb_text_1 et_pb_text_align_left et_pb_bg_layout_light\"><div class=\"et_pb_text_inner\"><h3>Qu\u2019est-ce qu\u2019un cookie ?<\/h3><\/div><\/div><div class=\"et_pb_module et_pb_text et_pb_text_2 et_pb_text_align_left et_pb_bg_layout_light\"><div class=\"et_pb_text_inner\"><p>Un cookie est un petit fichier texte et recouvre tout type de traceurs \u00ab d\u00e9pos\u00e9s et lus par exemple lors de la consultation d\u2019un site internet, de la lecture d\u2019un courrier \u00e9lectronique, de l\u2019installation ou de l\u2019utilisation d\u2019un logiciel ou d\u2019une application mobile et ce, quel que soit le type de terminal utilis\u00e9 \u00bb. Il peut \u00eatre d\u00e9pos\u00e9 par le serveur du site visit\u00e9 ou par un serveur tiers (r\u00e9gie publicitaire, service de web analytique, etc.). Les cookies ne compromettent pas la s\u00e9curit\u00e9 du site.<\/p><\/div><\/div><div class=\"et_pb_module et_pb_text et_pb_text_3 et_pb_text_align_left et_pb_bg_layout_light\"><div class=\"et_pb_text_inner\"><h3>Les cookies d\u00e9pos\u00e9s par le bien \u00eatre du rire<\/h3><\/div><\/div><div class=\"et_pb_module et_pb_text et_pb_text_4 et_pb_text_align_left et_pb_bg_layout_light\"><div class=\"et_pb_text_inner\"><p>Lorsque vous vous connectez sur notre Site, nous sommes susceptibles d\u2019installer divers cookies sur votre terminal.<br \/>Les cookies que nous \u00e9mettons nous permettent :<\/p><ul><li>De maintenir le bon fonctionnement du site<\/li><li>D\u2019enregistrer et adapter les fonctionnalit\u00e9s du site en fonction de vos pr\u00e9f\u00e9rences de navigation (identification, s\u2019adapter aux types d\u2019appareils utilis\u00e9s)<\/li><li>De g\u00e9rer l\u2019acceptation et la dur\u00e9e de conservation des cookies<\/li><\/ul><p>Conform\u00e9ment \u00e0 la r\u00e9glementation, les cookies ont une dur\u00e9e de vie maximum de 13 mois.<\/p><\/div><\/div><div class=\"et_pb_module et_pb_text et_pb_text_5 et_pb_text_align_left et_pb_bg_layout_light\"><div class=\"et_pb_text_inner\"><h3>Les cookies d\u00e9pos\u00e9s par des tiers<\/h3><\/div><\/div><div class=\"et_pb_module et_pb_text et_pb_text_6 et_pb_text_align_left et_pb_bg_layout_light\"><div class=\"et_pb_text_inner\"><ul><li><strong>Les cookies analytics :<\/strong><\/li><\/ul><p>Ils nous permettent de suivre les audiences de notre site, de conna\u00eetre votre navigation sur notre Site (cookies Google Analytics), et de g\u00e9n\u00e9rer des donn\u00e9es statistiques quant aux utilisations du Site. Cela nous permet d\u2019am\u00e9liorer la performance du Site.<\/p><ul><li><strong>Les cookies des r\u00e9seaux sociaux :<\/strong><\/li><\/ul><p>En naviguant sur https:\/\/lebienetreparlerire.fr\u00a0vous avez la possibilit\u00e9 de cliquer sur les boutons \u00ab r\u00e9seaux sociaux \u00bb afin de consulter nos profils Instagram et Linkedin. Ces applications tierces sont susceptibles de d\u00e9poser des cookies pour vous proposer de la publicit\u00e9 cibl\u00e9e. En cliquant sur l\u2019ic\u00f4ne correspondante au r\u00e9seau social, ce dernier est susceptible de vous identifier. Si vous \u00eates connect\u00e9s au r\u00e9seau social lors de votre navigation sur notre Site, les boutons de partage permettent de relier les contenus consult\u00e9s \u00e0 votre compte utilisateur.<\/p><p>Nous ne pouvons contr\u00f4ler le processus employ\u00e9 par les r\u00e9seaux sociaux pour collecter les informations relatives \u00e0 votre navigation sur notre site. Nous vous invitons donc \u00e0 consulter leur politique de protection des donn\u00e9es \u00e0 caract\u00e8re personnel afin de conna\u00eetre leur finalit\u00e9 d\u2019utilisation ainsi que les informations de navigation qu\u2019ils peuvent recueillir.<\/p><\/div><\/div><div class=\"et_pb_module et_pb_text et_pb_text_7 et_pb_text_align_left et_pb_bg_layout_light\"><div class=\"et_pb_text_inner\"><h3>Gestion des cookies : Vos droits<\/h3><\/div><\/div><div class=\"et_pb_module et_pb_text et_pb_text_8 et_pb_text_align_left et_pb_bg_layout_light\"><div class=\"et_pb_text_inner\"><p>Conform\u00e9ment \u00e0 la loi informatique et libert\u00e9s du 6 janvier 1978 modifi\u00e9e, et au RGPD, vous disposez d\u2019un droit d\u2019acc\u00e8s, de rectification, d\u2019opposition, de suppression et de limitation pour les informations issues des cookies et autres traceurs. Pour cela, vous pouvez me contacter directement \u00e0 <a href=\"mailto:lebienetreparlerire@gmail.com\">lebienetreparlerire@gmail.com<\/a><\/p><\/div><\/div><\/div><\/div>\t\t\t\t\t\t\t\t<\/div>\n\t\t\t\t\t<\/div>\n\t\t\t\t<\/div>\n\t\t\t\t<\/div>\n\t\t","protected":false},"excerpt":{"rendered":"<p>Cookies Bienvenue dans votre espace d\u00e9di\u00e9 \u00e0 la politique des cookies de l\u2019Atelier du rire. Pour son bon fonctionnement, le site https:\/\/lebienetreparlerire.fr a recours aux cookies. Ces derniers lui permettent de recueillir et traiter les informations sur le trafic des utilisateurs, de faciliter la navigation et d\u2019am\u00e9liorer le service pour le confort de l\u2019utilisateur. Le refus d\u2019installation d\u2019un cookie peut entra\u00eener l\u2019impossibilit\u00e9 d\u2019acc\u00e9der \u00e0 certains services. L\u2019utilisateur peut toutefois configurer son ordinateur pour en refuser l\u2019installation. Qu\u2019est-ce qu\u2019un cookie ? Un cookie est un petit fichier texte et recouvre tout type de traceurs \u00ab d\u00e9pos\u00e9s et lus par exemple lors de la consultation d\u2019un site internet, de la lecture d\u2019un courrier \u00e9lectronique, de l\u2019installation ou de l\u2019utilisation d\u2019un logiciel ou d\u2019une application mobile et ce, quel que soit le type de terminal utilis\u00e9 \u00bb. Il peut \u00eatre d\u00e9pos\u00e9 par le serveur du site visit\u00e9 ou par un serveur tiers (r\u00e9gie publicitaire, service de web analytique, etc.). Les cookies ne compromettent pas la s\u00e9curit\u00e9 du site. Les cookies d\u00e9pos\u00e9s par le bien \u00eatre du rire Lorsque vous vous connectez sur notre Site, nous sommes susceptibles d\u2019installer divers cookies sur votre terminal.Les cookies que nous \u00e9mettons nous permettent : De maintenir le bon fonctionnement du site D\u2019enregistrer et adapter les fonctionnalit\u00e9s du site en fonction de vos pr\u00e9f\u00e9rences de navigation (identification, s\u2019adapter aux types d\u2019appareils utilis\u00e9s) De g\u00e9rer l\u2019acceptation et la dur\u00e9e de conservation des cookies Conform\u00e9ment \u00e0 la r\u00e9glementation, les cookies ont une dur\u00e9e de vie maximum de 13 mois. Les cookies d\u00e9pos\u00e9s par des tiers Les cookies analytics : Ils nous permettent de suivre les audiences de notre site, de conna\u00eetre votre navigation sur notre Site (cookies Google Analytics), et de g\u00e9n\u00e9rer des donn\u00e9es statistiques quant aux utilisations du Site. Cela nous permet d\u2019am\u00e9liorer la performance du Site. Les cookies des r\u00e9seaux sociaux : En naviguant sur https:\/\/lebienetreparlerire.fr\u00a0vous avez la possibilit\u00e9 de cliquer sur les boutons \u00ab r\u00e9seaux sociaux \u00bb afin de consulter nos profils Instagram et Linkedin. Ces applications tierces sont susceptibles de d\u00e9poser des cookies pour vous proposer de la publicit\u00e9 cibl\u00e9e. En cliquant sur l\u2019ic\u00f4ne correspondante au r\u00e9seau social, ce dernier est susceptible de vous identifier. Si vous \u00eates connect\u00e9s au r\u00e9seau social lors de votre navigation sur notre Site, les boutons de partage permettent de relier les contenus consult\u00e9s \u00e0 votre compte utilisateur. Nous ne pouvons contr\u00f4ler le processus employ\u00e9 par les r\u00e9seaux sociaux pour collecter les informations relatives \u00e0 votre navigation sur notre site. Nous vous invitons donc \u00e0 consulter leur politique de protection des donn\u00e9es \u00e0 caract\u00e8re personnel afin de conna\u00eetre leur finalit\u00e9 d\u2019utilisation ainsi que les informations de navigation qu\u2019ils peuvent recueillir. Gestion des cookies : Vos droits Conform\u00e9ment \u00e0 la loi informatique et libert\u00e9s du 6 janvier 1978 modifi\u00e9e, et au RGPD, vous disposez d\u2019un droit d\u2019acc\u00e8s, de rectification, d\u2019opposition, de suppression et de limitation pour les informations issues des cookies et autres traceurs. Pour cela, vous pouvez me contacter directement \u00e0 lebienetreparlerire@gmail.com<\/p>\n","protected":false},"author":1,"featured_media":0,"parent":0,"menu_order":0,"comment_status":"closed","ping_status":"closed","template":"","meta":{"footnotes":""},"class_list":["post-280","page","type-page","status-publish","hentry"],"_links":{"self":[{"href":"https:\/\/lebienetreparlerire.fr\/index.php\/wp-json\/wp\/v2\/pages\/280","targetHints":{"allow":["GET"]}}],"collection":[{"href":"https:\/\/lebienetreparlerire.fr\/index.php\/wp-json\/wp\/v2\/pages"}],"about":[{"href":"https:\/\/lebienetreparlerire.fr\/index.php\/wp-json\/wp\/v2\/types\/page"}],"author":[{"embeddable":true,"href":"https:\/\/lebienetreparlerire.fr\/index.php\/wp-json\/wp\/v2\/users\/1"}],"replies":[{"embeddable":true,"href":"https:\/\/lebienetreparlerire.fr\/index.php\/wp-json\/wp\/v2\/comments?post=280"}],"version-history":[{"count":4,"href":"https:\/\/lebienetreparlerire.fr\/index.php\/wp-json\/wp\/v2\/pages\/280\/revisions"}],"predecessor-version":[{"id":286,"href":"https:\/\/lebienetreparlerire.fr\/index.php\/wp-json\/wp\/v2\/pages\/280\/revisions\/286"}],"wp:attachment":[{"href":"https:\/\/lebienetreparlerire.fr\/index.php\/wp-json\/wp\/v2\/media?parent=280"}],"curies":[{"name":"wp","href":"https:\/\/api.w.org\/{rel}","templated":true}]}}