{"id":275,"date":"2025-08-04T13:45:47","date_gmt":"2025-08-04T13:45:47","guid":{"rendered":"https:\/\/lebienetreparlerire.fr\/?page_id=275"},"modified":"2025-08-04T13:48:18","modified_gmt":"2025-08-04T13:48:18","slug":"mentions-legales","status":"publish","type":"page","link":"https:\/\/lebienetreparlerire.fr\/index.php\/mentions-legales\/","title":{"rendered":"Mentions l\u00e9gales"},"content":{"rendered":"\t\t<div data-elementor-type=\"wp-page\" data-elementor-id=\"275\" class=\"elementor elementor-275\">\n\t\t\t\t<div class=\"elementor-element elementor-element-7a71952 e-flex e-con-boxed wpr-particle-no wpr-jarallax-no wpr-parallax-no wpr-sticky-section-no e-con e-parent\" data-id=\"7a71952\" data-element_type=\"container\" data-e-type=\"container\">\n\t\t\t\t\t<div class=\"e-con-inner\">\n\t\t\t\t<div class=\"elementor-element elementor-element-cab7228 elementor-widget elementor-widget-heading\" data-id=\"cab7228\" data-element_type=\"widget\" data-e-type=\"widget\" data-widget_type=\"heading.default\">\n\t\t\t\t\t<h2 class=\"elementor-heading-title elementor-size-default\">Mentions L\u00e9gales<\/h2>\t\t\t\t<\/div>\n\t\t\t\t\t<\/div>\n\t\t\t\t<\/div>\n\t\t<div class=\"elementor-element elementor-element-5b48890 e-flex e-con-boxed wpr-particle-no wpr-jarallax-no wpr-parallax-no wpr-sticky-section-no e-con e-parent\" data-id=\"5b48890\" data-element_type=\"container\" data-e-type=\"container\">\n\t\t\t\t\t<div class=\"e-con-inner\">\n\t\t\t\t<div class=\"elementor-element elementor-element-e029fd4 elementor-widget__width-inherit elementor-widget elementor-widget-text-editor\" data-id=\"e029fd4\" data-element_type=\"widget\" data-e-type=\"widget\" data-widget_type=\"text-editor.default\">\n\t\t\t\t\t\t\t\t\t<p>e site web XXXX est la propri\u00e9t\u00e9 de XXXX (+num\u00e9ro RCS ou RM ou n\u00b0 Siren\/siret)<br \/><br \/><strong>Si\u00e8ge Social<\/strong> : XXXX (Adresse)<br \/><br \/><strong>Tel.<\/strong> : XXXX<br \/><br \/><strong>Email<\/strong> : XXXX<br \/><br \/><strong>Responsable de la publication<\/strong> : XXXX<br \/><br \/><strong>Capital social<\/strong> : \u00e0 renseigner pour une entreprise.<br \/><br \/><strong>Cr\u00e9ateur et h\u00e9bergement du site :<\/strong><br \/>La soci\u00e9t\u00e9 CLEOP, SARL au capital de 24000 euros immatricul\u00e9e au RCS de Nantes sous le n\u00b0 de<br \/>Siret : 75223710700020.<br \/>Adresse : 4 avenue Marcel Cerdan &#8211; 44000 Nantes<br \/>Tel : 02 85 37 84 71<br \/>Mail : contact@socleo.com<br \/><br \/><strong>Modifications<\/strong><br \/>En acc\u00e9dant et en naviguant sur ce site, l&rsquo;utilisateur est inform\u00e9 de ses droits et obligations et accepte pleinement de se conformer aux pr\u00e9sentes conditions d&rsquo;utilisations du site. L&rsquo;\u00e9diteur du site se r\u00e9serve la possibilit\u00e9 de modifier ces conditions. Il appartient \u00e0 l&rsquo;utilisateur de v\u00e9rifier p\u00e9riodiquement le contenu des documents concern\u00e9s. L&rsquo;\u00e9diteur se r\u00e9serve la possibilit\u00e9 de supprimer ou de modifier en tout ou partie le \u00ab site \u00bb.<br \/><br \/><strong>Responsabilit\u00e9s \u00ab\u00a0XXX (Nom du circuit)\u00a0\u00bb<\/strong><br \/>L&rsquo;\u00e9diteur du site XXX met tout en \u0153uvre pour assurer l&rsquo;exactitude et la mise \u00e0 jour de l&rsquo;ensemble des informations fournies sur son site.<br \/>Il ne peut garantir que les informations contenues sur le site soient compl\u00e8tes, pr\u00e9cises, exactes, exhaustives et d\u00e9pourvues de toute erreur.<br \/>XXX s&rsquo;engage, d\u00e8s qu&rsquo;un utilisateur quelconque transmet toute erreur constat\u00e9e aux coordonn\u00e9es ci-dessus, \u00e0 proc\u00e9der \u00e0 la correction dans les plus brefs d\u00e9lais.<br \/><br \/><strong>Accessibilit\u00e9<\/strong><br \/>Le site est par principe accessible aux utilisateurs 24\/24h et 7\/7j, sauf interruption, programm\u00e9e ou non, pour des besoins de maintenance ou en cas de force majeure.<br \/>En cas d&rsquo;indisponibilit\u00e9 d&rsquo;acc\u00e8s au site, celui-ci s&rsquo;engage \u00e0 faire son maximum afin de r\u00e9tablir l&rsquo;acc\u00e8s.<br \/>Le site ne saurait \u00eatre tenu pour responsable de tout dommage, quelle qu&rsquo;en soit la nature, r\u00e9sultant de son indisponibilit\u00e9.<br \/><br \/><strong>Collecte de donn\u00e9es et Loi Informatiques et Libert\u00e9s<\/strong><br \/>En conformit\u00e9 avec la loi du 6 janvier 1978 relative \u00e0 l&rsquo;informatique, aux fichiers, aux libert\u00e9s, le traitement automatis\u00e9 des donn\u00e9es nominatives r\u00e9alis\u00e9 \u00e0 partir du Site Internet XXXX a fait l&rsquo;objet d&rsquo;une d\u00e9claration (indiquer le N\u00b0 de d\u00e9claration) aupr\u00e8s de la Commission Nationale de l&rsquo;Informatique et des Libert\u00e9s (CNIL).<br \/><br \/>Conform\u00e9ment \u00e0 la loi n\u00b0 78-17 du 6 janvier 1978, l&rsquo;utilisateur peut \u00e0 tout moment acc\u00e9der aux informations personnelles le concernant d\u00e9tenues par XXXX, demander leur modification ou leur suppression. Ainsi, selon les articles 36, 39 et 40 de la loi Informatique et Libert\u00e9s, l\u2019utilisateur peut demander que soient rectifi\u00e9es, compl\u00e9t\u00e9es, clarifi\u00e9es, mises \u00e0 jour ou effac\u00e9es les informations le concernant qui sont inexactes, incompl\u00e8tes, \u00e9quivoques, p\u00e9rim\u00e9es ou dont la collecte ou l&rsquo;utilisation, la communication ou la conservation sont interdites.<br \/>Si vous souhaitez exercer ce droit et obtenir communication des informations vous concernant,<br \/>veuillez-vous adresser<\/p><ul><li>par courrier \u00e0 &#8230;&#8230;<\/li><li>par email \u00e0 &#8230;&#8230;.<\/li><\/ul><p>Vous pouvez \u00e9galement, pour des motifs l\u00e9gitimes, vous opposer au traitement des donn\u00e9es vous concernant. Nous nous engageons \u00e0 prendre toutes pr\u00e9cautions afin de pr\u00e9server la s\u00e9curit\u00e9 de ces informations et notamment emp\u00eacher qu&rsquo;elles ne soient d\u00e9form\u00e9es, endommag\u00e9es ou communiqu\u00e9es \u00e0 des tiers.<br \/>A la cl\u00f4ture du compte et \u00e0 toutes fins de preuve, des donn\u00e9es concernant l&rsquo;utilisateur peuvent \u00eatre conserv\u00e9es et archiv\u00e9es confidentiellement par XXXX selon les lois en vigueur.<br \/>Afin d&rsquo;am\u00e9liorer la qualit\u00e9 de son service et de mieux r\u00e9pondre aux attentes de ses utilisateurs, XXXX pourra \u00eatre amen\u00e9 \u00e0 collecter des donn\u00e9es nominatives sur l&rsquo;utilisateur, notamment par l&rsquo;utilisation de marqueurs (cookies).<\/p>\t\t\t\t\t\t\t\t<\/div>\n\t\t\t\t\t<\/div>\n\t\t\t\t<\/div>\n\t\t\t\t<\/div>\n\t\t","protected":false},"excerpt":{"rendered":"<p>Mentions L\u00e9gales e site web XXXX est la propri\u00e9t\u00e9 de XXXX (+num\u00e9ro RCS ou RM ou n\u00b0 Siren\/siret) Si\u00e8ge Social : XXXX (Adresse) Tel. : XXXX Email : XXXX Responsable de la publication : XXXX Capital social : \u00e0 renseigner pour une entreprise. Cr\u00e9ateur et h\u00e9bergement du site :La soci\u00e9t\u00e9 CLEOP, SARL au capital de 24000 euros immatricul\u00e9e au RCS de Nantes sous le n\u00b0 deSiret : 75223710700020.Adresse : 4 avenue Marcel Cerdan &#8211; 44000 NantesTel : 02 85 37 84 71Mail : contact@socleo.com ModificationsEn acc\u00e9dant et en naviguant sur ce site, l&rsquo;utilisateur est inform\u00e9 de ses droits et obligations et accepte pleinement de se conformer aux pr\u00e9sentes conditions d&rsquo;utilisations du site. L&rsquo;\u00e9diteur du site se r\u00e9serve la possibilit\u00e9 de modifier ces conditions. Il appartient \u00e0 l&rsquo;utilisateur de v\u00e9rifier p\u00e9riodiquement le contenu des documents concern\u00e9s. L&rsquo;\u00e9diteur se r\u00e9serve la possibilit\u00e9 de supprimer ou de modifier en tout ou partie le \u00ab site \u00bb. Responsabilit\u00e9s \u00ab\u00a0XXX (Nom du circuit)\u00a0\u00bbL&rsquo;\u00e9diteur du site XXX met tout en \u0153uvre pour assurer l&rsquo;exactitude et la mise \u00e0 jour de l&rsquo;ensemble des informations fournies sur son site.Il ne peut garantir que les informations contenues sur le site soient compl\u00e8tes, pr\u00e9cises, exactes, exhaustives et d\u00e9pourvues de toute erreur.XXX s&rsquo;engage, d\u00e8s qu&rsquo;un utilisateur quelconque transmet toute erreur constat\u00e9e aux coordonn\u00e9es ci-dessus, \u00e0 proc\u00e9der \u00e0 la correction dans les plus brefs d\u00e9lais. Accessibilit\u00e9Le site est par principe accessible aux utilisateurs 24\/24h et 7\/7j, sauf interruption, programm\u00e9e ou non, pour des besoins de maintenance ou en cas de force majeure.En cas d&rsquo;indisponibilit\u00e9 d&rsquo;acc\u00e8s au site, celui-ci s&rsquo;engage \u00e0 faire son maximum afin de r\u00e9tablir l&rsquo;acc\u00e8s.Le site ne saurait \u00eatre tenu pour responsable de tout dommage, quelle qu&rsquo;en soit la nature, r\u00e9sultant de son indisponibilit\u00e9. Collecte de donn\u00e9es et Loi Informatiques et Libert\u00e9sEn conformit\u00e9 avec la loi du 6 janvier 1978 relative \u00e0 l&rsquo;informatique, aux fichiers, aux libert\u00e9s, le traitement automatis\u00e9 des donn\u00e9es nominatives r\u00e9alis\u00e9 \u00e0 partir du Site Internet XXXX a fait l&rsquo;objet d&rsquo;une d\u00e9claration (indiquer le N\u00b0 de d\u00e9claration) aupr\u00e8s de la Commission Nationale de l&rsquo;Informatique et des Libert\u00e9s (CNIL). Conform\u00e9ment \u00e0 la loi n\u00b0 78-17 du 6 janvier 1978, l&rsquo;utilisateur peut \u00e0 tout moment acc\u00e9der aux informations personnelles le concernant d\u00e9tenues par XXXX, demander leur modification ou leur suppression. Ainsi, selon les articles 36, 39 et 40 de la loi Informatique et Libert\u00e9s, l\u2019utilisateur peut demander que soient rectifi\u00e9es, compl\u00e9t\u00e9es, clarifi\u00e9es, mises \u00e0 jour ou effac\u00e9es les informations le concernant qui sont inexactes, incompl\u00e8tes, \u00e9quivoques, p\u00e9rim\u00e9es ou dont la collecte ou l&rsquo;utilisation, la communication ou la conservation sont interdites.Si vous souhaitez exercer ce droit et obtenir communication des informations vous concernant,veuillez-vous adresser par courrier \u00e0 &#8230;&#8230; par email \u00e0 &#8230;&#8230;. Vous pouvez \u00e9galement, pour des motifs l\u00e9gitimes, vous opposer au traitement des donn\u00e9es vous concernant. Nous nous engageons \u00e0 prendre toutes pr\u00e9cautions afin de pr\u00e9server la s\u00e9curit\u00e9 de ces informations et notamment emp\u00eacher qu&rsquo;elles ne soient d\u00e9form\u00e9es, endommag\u00e9es ou communiqu\u00e9es \u00e0 des tiers.A la cl\u00f4ture du compte et \u00e0 toutes fins de preuve, des donn\u00e9es concernant l&rsquo;utilisateur peuvent \u00eatre conserv\u00e9es et archiv\u00e9es confidentiellement par XXXX selon les lois en vigueur.Afin d&rsquo;am\u00e9liorer la qualit\u00e9 de son service et de mieux r\u00e9pondre aux attentes de ses utilisateurs, XXXX pourra \u00eatre amen\u00e9 \u00e0 collecter des donn\u00e9es nominatives sur l&rsquo;utilisateur, notamment par l&rsquo;utilisation de marqueurs (cookies).<\/p>\n","protected":false},"author":1,"featured_media":0,"parent":0,"menu_order":0,"comment_status":"closed","ping_status":"closed","template":"","meta":{"footnotes":""},"class_list":["post-275","page","type-page","status-publish","hentry"],"_links":{"self":[{"href":"https:\/\/lebienetreparlerire.fr\/index.php\/wp-json\/wp\/v2\/pages\/275","targetHints":{"allow":["GET"]}}],"collection":[{"href":"https:\/\/lebienetreparlerire.fr\/index.php\/wp-json\/wp\/v2\/pages"}],"about":[{"href":"https:\/\/lebienetreparlerire.fr\/index.php\/wp-json\/wp\/v2\/types\/page"}],"author":[{"embeddable":true,"href":"https:\/\/lebienetreparlerire.fr\/index.php\/wp-json\/wp\/v2\/users\/1"}],"replies":[{"embeddable":true,"href":"https:\/\/lebienetreparlerire.fr\/index.php\/wp-json\/wp\/v2\/comments?post=275"}],"version-history":[{"count":4,"href":"https:\/\/lebienetreparlerire.fr\/index.php\/wp-json\/wp\/v2\/pages\/275\/revisions"}],"predecessor-version":[{"id":279,"href":"https:\/\/lebienetreparlerire.fr\/index.php\/wp-json\/wp\/v2\/pages\/275\/revisions\/279"}],"wp:attachment":[{"href":"https:\/\/lebienetreparlerire.fr\/index.php\/wp-json\/wp\/v2\/media?parent=275"}],"curies":[{"name":"wp","href":"https:\/\/api.w.org\/{rel}","templated":true}]}}