{"id":14,"date":"2025-07-31T07:05:46","date_gmt":"2025-07-31T07:05:46","guid":{"rendered":"https:\/\/lebienetreparlerire.fr\/?page_id=14"},"modified":"2025-08-06T10:11:21","modified_gmt":"2025-08-06T10:11:21","slug":"a-propos","status":"publish","type":"page","link":"https:\/\/lebienetreparlerire.fr\/index.php\/a-propos\/","title":{"rendered":"\u00c0 propos"},"content":{"rendered":"\t\t<div data-elementor-type=\"wp-page\" data-elementor-id=\"14\" class=\"elementor elementor-14\">\n\t\t\t\t<div class=\"elementor-element elementor-element-284d8e2 e-flex e-con-boxed wpr-particle-no wpr-jarallax-no wpr-parallax-no wpr-sticky-section-no e-con e-parent\" data-id=\"284d8e2\" data-element_type=\"container\" data-e-type=\"container\" data-settings=\"{&quot;background_background&quot;:&quot;classic&quot;}\">\n\t\t\t\t\t<div class=\"e-con-inner\">\n\t\t<div class=\"elementor-element elementor-element-97d4ba2 e-flex e-con-boxed wpr-particle-no wpr-jarallax-no wpr-parallax-no wpr-sticky-section-no e-con e-child\" data-id=\"97d4ba2\" data-element_type=\"container\" data-e-type=\"container\">\n\t\t\t\t\t<div class=\"e-con-inner\">\n\t\t\t\t<div class=\"elementor-element elementor-element-85c6a00 elementor-widget elementor-widget-heading\" data-id=\"85c6a00\" data-element_type=\"widget\" data-e-type=\"widget\" data-widget_type=\"heading.default\">\n\t\t\t\t\t<h2 class=\"elementor-heading-title elementor-size-default\">Quels sont les bienfaits ?<\/h2>\t\t\t\t<\/div>\n\t\t\t\t<div class=\"elementor-element elementor-element-bbfd2a9 elementor-widget__width-initial elementor-widget elementor-widget-text-editor\" data-id=\"bbfd2a9\" data-element_type=\"widget\" data-e-type=\"widget\" data-widget_type=\"text-editor.default\">\n\t\t\t\t\t\t\t\t\t<p>Le yoga du rire combine des postures de yoga et des exercices de respiration pour stimuler le diaphragme. Ses bienfaits sont complets : il agit positivement sur le corps et le mental. Apr\u00e8s seulement trois ou quatre mois, \u00e0 raison d&rsquo;une s\u00e9ance toutes les deux semaines, on int\u00e8gre plus de rire et d&rsquo;autod\u00e9rision dans son quotidien. Cela aide \u00e0 relativiser, \u00e0 diminuer le stress, et \u00e0 se sentir mieux physiquement et mentalement. Bon \u00e0 savoir : deux ou trois cours peuvent \u00eatre n\u00e9cessaires pour se familiariser avec la pratique et rire de fa\u00e7on plus naturelle.<\/p><p>\u00a0<\/p>\t\t\t\t\t\t\t\t<\/div>\n\t\t\t\t\t<\/div>\n\t\t\t\t<\/div>\n\t\t<div class=\"elementor-element elementor-element-bf5d836 e-con-full e-flex wpr-particle-no wpr-jarallax-no wpr-parallax-no wpr-sticky-section-no e-con e-child\" data-id=\"bf5d836\" data-element_type=\"container\" data-e-type=\"container\">\n\t\t\t\t<div class=\"elementor-element elementor-element-207f83e elementor-widget elementor-widget-image\" data-id=\"207f83e\" data-element_type=\"widget\" data-e-type=\"widget\" data-widget_type=\"image.default\">\n\t\t\t\t\t\t\t\t\t\t\t\t\t\t\t<img fetchpriority=\"high\" decoding=\"async\" width=\"800\" height=\"530\" src=\"https:\/\/lebienetreparlerire.fr\/wp-content\/uploads\/2025\/07\/unsplash_tvbxqXI5mmo2-1024x679.png\" class=\"attachment-large size-large wp-image-148\" alt=\"\" srcset=\"https:\/\/lebienetreparlerire.fr\/wp-content\/uploads\/2025\/07\/unsplash_tvbxqXI5mmo2-1024x679.png 1024w, https:\/\/lebienetreparlerire.fr\/wp-content\/uploads\/2025\/07\/unsplash_tvbxqXI5mmo2-300x199.png 300w, https:\/\/lebienetreparlerire.fr\/wp-content\/uploads\/2025\/07\/unsplash_tvbxqXI5mmo2-768x509.png 768w, https:\/\/lebienetreparlerire.fr\/wp-content\/uploads\/2025\/07\/unsplash_tvbxqXI5mmo2.png 1200w\" sizes=\"(max-width: 800px) 100vw, 800px\" \/>\t\t\t\t\t\t\t\t\t\t\t\t\t\t\t<\/div>\n\t\t\t\t<\/div>\n\t\t\t\t\t<\/div>\n\t\t\t\t<\/div>\n\t\t<div class=\"elementor-element elementor-element-07342fc e-flex e-con-boxed wpr-particle-no wpr-jarallax-no wpr-parallax-no wpr-sticky-section-no e-con e-parent\" data-id=\"07342fc\" data-element_type=\"container\" data-e-type=\"container\" data-settings=\"{&quot;background_background&quot;:&quot;classic&quot;}\">\n\t\t\t\t\t<div class=\"e-con-inner\">\n\t\t<div class=\"elementor-element elementor-element-b2e4d2b e-con-full e-flex wpr-particle-no wpr-jarallax-no wpr-parallax-no wpr-sticky-section-no e-con e-child\" data-id=\"b2e4d2b\" data-element_type=\"container\" data-e-type=\"container\">\n\t\t\t\t<div class=\"elementor-element elementor-element-7806f4d elementor-widget elementor-widget-heading\" data-id=\"7806f4d\" data-element_type=\"widget\" data-e-type=\"widget\" data-widget_type=\"heading.default\">\n\t\t\t\t\t<h2 class=\"elementor-heading-title elementor-size-default\">Le rire, un alli\u00e9 pour le corps et la sant\u00e9<\/h2>\t\t\t\t<\/div>\n\t\t\t\t<div class=\"elementor-element elementor-element-5a9b937 elementor-widget__width-inherit elementor-widget elementor-widget-text-editor\" data-id=\"5a9b937\" data-element_type=\"widget\" data-e-type=\"widget\" data-widget_type=\"text-editor.default\">\n\t\t\t\t\t\t\t\t\t<p>Le rire est un excellent exercice pour les organes. Quand vous riez, une vague musculaire se d\u00e9clenche, contractant et rel\u00e2chant plusieurs parties du corps : des yeux \u00e0 l&rsquo;abdomen en passant par le diaphragme et les cuisses. Cette action acc\u00e9l\u00e8re votre rythme cardiaque et votre respiration, ce qui aide \u00e0 renouveler l&rsquo;air dans vos poumons et \u00e0 augmenter votre pression sanguine. Ce \u00ab\u00a0massage interne\u00a0\u00bb tonifie vos organes et renforce vos d\u00e9fenses immunitaires.<\/p><p>De plus, le rire <b>r\u00e9oxyg\u00e8ne votre corps<\/b>. La respiration profonde pratiqu\u00e9e pendant les s\u00e9ances r\u00e9oxyg\u00e8ne compl\u00e8tement vos muscles et votre cerveau, vous laissant dans un \u00e9tat de relaxation totale.<\/p><p>Le rire <b>am\u00e9liore aussi vos facult\u00e9s motrices<\/b>. Les jeux et les exercices de mouvement travaillent \u00e0 la fois votre corps et votre esprit de fa\u00e7on ludique. C&rsquo;est une activit\u00e9 douce et adaptable \u00e0 tous, quel que soit votre \u00e9tat physique. Chez les patients en institutions sp\u00e9cialis\u00e9es, on observe \u00e9galement une am\u00e9lioration notable de leur capacit\u00e9 d&rsquo;expression.<\/p>\t\t\t\t\t\t\t\t<\/div>\n\t\t\t\t<\/div>\n\t\t\t\t\t<\/div>\n\t\t\t\t<\/div>\n\t\t<div class=\"elementor-element elementor-element-5c6954f e-flex e-con-boxed wpr-particle-no wpr-jarallax-no wpr-parallax-no wpr-sticky-section-no e-con e-parent\" data-id=\"5c6954f\" data-element_type=\"container\" data-e-type=\"container\" data-settings=\"{&quot;background_background&quot;:&quot;classic&quot;}\">\n\t\t\t\t\t<div class=\"e-con-inner\">\n\t\t<div class=\"elementor-element elementor-element-393eb83 e-con-full e-flex wpr-particle-no wpr-jarallax-no wpr-parallax-no wpr-sticky-section-no e-con e-child\" data-id=\"393eb83\" data-element_type=\"container\" data-e-type=\"container\">\n\t\t\t\t<div class=\"elementor-element elementor-element-72b9e1c elementor-widget elementor-widget-heading\" data-id=\"72b9e1c\" data-element_type=\"widget\" data-e-type=\"widget\" data-widget_type=\"heading.default\">\n\t\t\t\t\t<h2 class=\"elementor-heading-title elementor-size-default\">Comment le rire agit sur le mental et le moral<\/h2>\t\t\t\t<\/div>\n\t\t\t\t<div class=\"elementor-element elementor-element-1566b69 elementor-widget__width-inherit elementor-widget elementor-widget-text-editor\" data-id=\"1566b69\" data-element_type=\"widget\" data-e-type=\"widget\" data-widget_type=\"text-editor.default\">\n\t\t\t\t\t\t\t\t\t<p>Le rire est un excellent rem\u00e8de pour votre bien-\u00eatre int\u00e9rieur.<\/p><p><b>Il rend heureux et joyeux.<\/b> En combattant la d\u00e9pression, il vous aide \u00e0 vous reconnecter \u00e0 vous-m\u00eame et \u00e0 l\u00e2cher prise, notamment gr\u00e2ce \u00e0 l&rsquo;autod\u00e9rision. Le bien-\u00eatre physique ressenti se r\u00e9percute directement sur votre moral.<\/p><p><b>Il d\u00e9veloppe la cr\u00e9ativit\u00e9.<\/b> Le rire am\u00e9liore votre concentration, stimule vos capacit\u00e9s cognitives et encourage l&rsquo;ouverture d&rsquo;esprit. Ce contexte favorable lib\u00e8re la pens\u00e9e divergente, boostant ainsi votre cr\u00e9ativit\u00e9.<\/p><p><b>Il combat l&rsquo;isolement.<\/b> Les s\u00e9ances de yoga du rire se font en groupe, cr\u00e9ant une occasion unique de se connecter aux autres. Rire ensemble renforce les liens sociaux et le sentiment d&rsquo;appartenance. De nombreux exercices impliquent le contact visuel et le toucher, renfor\u00e7ant encore cette connexion humaine.<\/p><p><b>Il redonne confiance en soi.<\/b> Pour les plus timides, le l\u00e2cher-prise et l&rsquo;am\u00e9lioration des capacit\u00e9s cognitives se font sentir au quotidien. On gagne en assurance, on s&rsquo;affirme mieux et on communique plus facilement avec les autres.<\/p>\t\t\t\t\t\t\t\t<\/div>\n\t\t\t\t<\/div>\n\t\t\t\t\t<\/div>\n\t\t\t\t<\/div>\n\t\t<div class=\"elementor-element elementor-element-4637f65 e-flex e-con-boxed wpr-particle-no wpr-jarallax-no wpr-parallax-no wpr-sticky-section-no e-con e-parent\" data-id=\"4637f65\" data-element_type=\"container\" data-e-type=\"container\" data-settings=\"{&quot;background_background&quot;:&quot;classic&quot;}\">\n\t\t\t\t\t<div class=\"e-con-inner\">\n\t\t<div class=\"elementor-element elementor-element-9af6f0c e-con-full e-flex wpr-particle-no wpr-jarallax-no wpr-parallax-no wpr-sticky-section-no e-con e-child\" data-id=\"9af6f0c\" data-element_type=\"container\" data-e-type=\"container\">\n\t\t\t\t<div class=\"elementor-element elementor-element-6d520c4 elementor-widget elementor-widget-heading\" data-id=\"6d520c4\" data-element_type=\"widget\" data-e-type=\"widget\" data-widget_type=\"heading.default\">\n\t\t\t\t\t<h2 class=\"elementor-heading-title elementor-size-default\">Le rire au service des relations<\/h2>\t\t\t\t<\/div>\n\t\t\t\t<div class=\"elementor-element elementor-element-30e5bc0 elementor-widget__width-inherit elementor-widget elementor-widget-text-editor\" data-id=\"30e5bc0\" data-element_type=\"widget\" data-e-type=\"widget\" data-widget_type=\"text-editor.default\">\n\t\t\t\t\t\t\t\t\t<p>Le rire est un excellent moyen d&rsquo;am\u00e9liorer vos interactions avec les autres.<\/p><p><b>Il renforce les liens sociaux et \u00e9motionnels.<\/b> Rire avec quelqu&rsquo;un cr\u00e9e un lien \u00e9motionnel fort. C&rsquo;est une exp\u00e9rience positive partag\u00e9e qui rapproche les gens et renforce les connexions. Les activit\u00e9s de groupe, comme le Yoga du rire, sont donc de formidables occasions de cr\u00e9er du lien social.<\/p><p><b>Il encourage la coop\u00e9ration.<\/b> Le rire cr\u00e9e une atmosph\u00e8re positive et d\u00e9tendue. Dans ce genre d&rsquo;environnement, les gens sont plus enclins \u00e0 travailler ensemble de mani\u00e8re productive et harmonieuse.<\/p><p><b>Il aide \u00e0 g\u00e9rer les conflits.<\/b> Le Yoga du rire apprend \u00e0 prendre du recul sur les situations tendues. L&rsquo;humour et la l\u00e9g\u00e8ret\u00e9 permettent de d\u00e9samorcer les conflits et d&rsquo;aborder les d\u00e9saccords d&rsquo;une mani\u00e8re plus constructive et apais\u00e9e.<\/p>\t\t\t\t\t\t\t\t<\/div>\n\t\t\t\t<\/div>\n\t\t\t\t\t<\/div>\n\t\t\t\t<\/div>\n\t\t\t\t<\/div>\n\t\t","protected":false},"excerpt":{"rendered":"<p>Quels sont les bienfaits ? Le yoga du rire combine des postures de yoga et des exercices de respiration pour stimuler le diaphragme. Ses bienfaits sont complets : il agit positivement sur le corps et le mental. Apr\u00e8s seulement trois ou quatre mois, \u00e0 raison d&rsquo;une s\u00e9ance toutes les deux semaines, on int\u00e8gre plus de rire et d&rsquo;autod\u00e9rision dans son quotidien. Cela aide \u00e0 relativiser, \u00e0 diminuer le stress, et \u00e0 se sentir mieux physiquement et mentalement. Bon \u00e0 savoir : deux ou trois cours peuvent \u00eatre n\u00e9cessaires pour se familiariser avec la pratique et rire de fa\u00e7on plus naturelle. \u00a0 Le rire, un alli\u00e9 pour le corps et la sant\u00e9 Le rire est un excellent exercice pour les organes. Quand vous riez, une vague musculaire se d\u00e9clenche, contractant et rel\u00e2chant plusieurs parties du corps : des yeux \u00e0 l&rsquo;abdomen en passant par le diaphragme et les cuisses. Cette action acc\u00e9l\u00e8re votre rythme cardiaque et votre respiration, ce qui aide \u00e0 renouveler l&rsquo;air dans vos poumons et \u00e0 augmenter votre pression sanguine. Ce \u00ab\u00a0massage interne\u00a0\u00bb tonifie vos organes et renforce vos d\u00e9fenses immunitaires. De plus, le rire r\u00e9oxyg\u00e8ne votre corps. La respiration profonde pratiqu\u00e9e pendant les s\u00e9ances r\u00e9oxyg\u00e8ne compl\u00e8tement vos muscles et votre cerveau, vous laissant dans un \u00e9tat de relaxation totale. Le rire am\u00e9liore aussi vos facult\u00e9s motrices. Les jeux et les exercices de mouvement travaillent \u00e0 la fois votre corps et votre esprit de fa\u00e7on ludique. C&rsquo;est une activit\u00e9 douce et adaptable \u00e0 tous, quel que soit votre \u00e9tat physique. Chez les patients en institutions sp\u00e9cialis\u00e9es, on observe \u00e9galement une am\u00e9lioration notable de leur capacit\u00e9 d&rsquo;expression. Comment le rire agit sur le mental et le moral Le rire est un excellent rem\u00e8de pour votre bien-\u00eatre int\u00e9rieur. Il rend heureux et joyeux. En combattant la d\u00e9pression, il vous aide \u00e0 vous reconnecter \u00e0 vous-m\u00eame et \u00e0 l\u00e2cher prise, notamment gr\u00e2ce \u00e0 l&rsquo;autod\u00e9rision. Le bien-\u00eatre physique ressenti se r\u00e9percute directement sur votre moral. Il d\u00e9veloppe la cr\u00e9ativit\u00e9. Le rire am\u00e9liore votre concentration, stimule vos capacit\u00e9s cognitives et encourage l&rsquo;ouverture d&rsquo;esprit. Ce contexte favorable lib\u00e8re la pens\u00e9e divergente, boostant ainsi votre cr\u00e9ativit\u00e9. Il combat l&rsquo;isolement. Les s\u00e9ances de yoga du rire se font en groupe, cr\u00e9ant une occasion unique de se connecter aux autres. Rire ensemble renforce les liens sociaux et le sentiment d&rsquo;appartenance. De nombreux exercices impliquent le contact visuel et le toucher, renfor\u00e7ant encore cette connexion humaine. Il redonne confiance en soi. Pour les plus timides, le l\u00e2cher-prise et l&rsquo;am\u00e9lioration des capacit\u00e9s cognitives se font sentir au quotidien. On gagne en assurance, on s&rsquo;affirme mieux et on communique plus facilement avec les autres. Le rire au service des relations Le rire est un excellent moyen d&rsquo;am\u00e9liorer vos interactions avec les autres. Il renforce les liens sociaux et \u00e9motionnels. Rire avec quelqu&rsquo;un cr\u00e9e un lien \u00e9motionnel fort. C&rsquo;est une exp\u00e9rience positive partag\u00e9e qui rapproche les gens et renforce les connexions. Les activit\u00e9s de groupe, comme le Yoga du rire, sont donc de formidables occasions de cr\u00e9er du lien social. Il encourage la coop\u00e9ration. Le rire cr\u00e9e une atmosph\u00e8re positive et d\u00e9tendue. Dans ce genre d&rsquo;environnement, les gens sont plus enclins \u00e0 travailler ensemble de mani\u00e8re productive et harmonieuse. Il aide \u00e0 g\u00e9rer les conflits. Le Yoga du rire apprend \u00e0 prendre du recul sur les situations tendues. L&rsquo;humour et la l\u00e9g\u00e8ret\u00e9 permettent de d\u00e9samorcer les conflits et d&rsquo;aborder les d\u00e9saccords d&rsquo;une mani\u00e8re plus constructive et apais\u00e9e.<\/p>\n","protected":false},"author":1,"featured_media":0,"parent":0,"menu_order":0,"comment_status":"closed","ping_status":"closed","template":"","meta":{"footnotes":""},"class_list":["post-14","page","type-page","status-publish","hentry"],"_links":{"self":[{"href":"https:\/\/lebienetreparlerire.fr\/index.php\/wp-json\/wp\/v2\/pages\/14","targetHints":{"allow":["GET"]}}],"collection":[{"href":"https:\/\/lebienetreparlerire.fr\/index.php\/wp-json\/wp\/v2\/pages"}],"about":[{"href":"https:\/\/lebienetreparlerire.fr\/index.php\/wp-json\/wp\/v2\/types\/page"}],"author":[{"embeddable":true,"href":"https:\/\/lebienetreparlerire.fr\/index.php\/wp-json\/wp\/v2\/users\/1"}],"replies":[{"embeddable":true,"href":"https:\/\/lebienetreparlerire.fr\/index.php\/wp-json\/wp\/v2\/comments?post=14"}],"version-history":[{"count":22,"href":"https:\/\/lebienetreparlerire.fr\/index.php\/wp-json\/wp\/v2\/pages\/14\/revisions"}],"predecessor-version":[{"id":319,"href":"https:\/\/lebienetreparlerire.fr\/index.php\/wp-json\/wp\/v2\/pages\/14\/revisions\/319"}],"wp:attachment":[{"href":"https:\/\/lebienetreparlerire.fr\/index.php\/wp-json\/wp\/v2\/media?parent=14"}],"curies":[{"name":"wp","href":"https:\/\/api.w.org\/{rel}","templated":true}]}}